{"id":316,"date":"2020-03-06T20:10:43","date_gmt":"2020-03-06T19:10:43","guid":{"rendered":"https:\/\/www.inflow.yoga\/?page_id=316"},"modified":"2020-04-20T08:36:12","modified_gmt":"2020-04-20T06:36:12","slug":"clases","status":"publish","type":"page","link":"https:\/\/www.inflow.yoga\/es\/clases\/","title":{"rendered":"Clases"},"content":{"rendered":"<div class=\"bt_bb_wrapper\"><section id=\"bt_section69f607f9a1018\"  class=\"boldSection btDarkSkin inherit\" style=\"background: transparent;\"><div class=\"port\"><div class=\"boldCell\"><div class=\"boldCellInner\"><div class=\"boldRow  \" ><div class=\"boldRowInner\"><div class=\"rowItem col-md-12 col-ms-12  btTextLeft\"  ><div class=\"rowItemContent\" ><div class=\"bpgPhoto btTextCenter\" ><div class=\"btImage\"><img src=\"https:\/\/www.inflow.yoga\/es\/wp-content\/uploads\/2020\/03\/hero-1.jpg\" alt=\"\"><\/div><\/div><\/div><\/div><\/div><\/div><\/div><\/div><\/div><\/section><section id=\"bt_section69f607f9a7475\"  class=\"boldSection topSpaced bottomSpaced gutter inherit\" ><div class=\"port\"><div class=\"boldCell\"><div class=\"boldCellInner\"><div class=\"boldRow  \" ><div class=\"boldRowInner\"><div class=\"rowItem col-md-2  col-sm-4 col-ms-12 btTextLeft\"  ><div class=\"rowItemContent\" ><\/div><\/div><div class=\"rowItem col-md-8 col-ms-12 btTextCenter animate animate-fadein animate-moveleft inherit\"  ><div class=\"rowItemContent\" ><header class=\"header btClear extralarge btDash bottomDash  btAccentDash\" ><div class=\"btSuperTitle\">En Italia<\/div><div class=\"dash\"><h1><span class=\"headline\"><b class=\"animate\">CLASES<\/b><\/span><\/h1><\/div><\/header><div class=\"btClear btSeparator bottomSemiSpaced noBorder\" ><hr><\/div><\/div><\/div><div class=\"rowItem col-md-2  col-sm-4 col-ms-12 btTextLeft\"  ><div class=\"rowItemContent\" ><\/div><\/div><\/div><\/div><div class=\"boldRow  \" ><div class=\"boldRowInner\"><div class=\"rowItem col-md-12 col-ms-12  btTextLeft\"  ><div class=\"rowItemContent\" ><div class=\"btText\" ><div dir=\"ltr\"><span style=\"font-size: medium;\"><strong>HATHA FLOW YOGA<\/strong> es una forma de Yoga adecuada para todos, basada en una serie de ejercicios psicof\u00edsicos, que comienza desde el cuerpo para llegar a la mente a trav\u00e9s de la pr\u00e1ctica de Asana (posiciones), Pranayama (control de la respiraci\u00f3n) y el momento de relajaci\u00f3n culmine.<\/span><\/div>\n<div dir=\"ltr\"><span style=\"font-size: medium;\">Flow yoga es una versi\u00f3n m\u00e1s din\u00e1mica y fluida del clasico Hatha Yoga, al sincronizar la respiraci\u00f3n con el movimiento, las asanas se mantienen durante un tiempo m\u00e1s corto y se conectan entre s\u00ed siguiendo una secuencia definida por Paula. Las secuencias se inspiran en el Ashtanga Yoga Vinyasa y el Hatha Yoga. En cada clase dedicamos del tiempo para aprofundizar sobre un asana en particular que se encuentra al interno de la secuencia propuesta.<\/span><\/div>\n<div dir=\"ltr\"><span style=\"font-size: medium;\"><br \/>\nTAIBON AGORDINO- LUNES 18.30\/20.00, Escuela Primaria <\/span><\/div>\n<div dir=\"ltr\"><span style=\"font-size: medium;\">CANALE D&#8217;AGOROD- MIERCOLES 18.00\/19.15<\/span><\/div>\n<div dir=\"ltr\"><img loading=\"lazy\" class=\"alignnone size-full wp-image-399\" src=\"https:\/\/www.inflow.yoga\/wp-content\/uploads\/2020\/03\/espacio.png\" alt=\"\" width=\"46\" height=\"30\" \/><\/div>\n<div dir=\"ltr\" style=\"text-align: center;\"><span style=\"font-size: medium;\"><img loading=\"lazy\" class=\"alignnone size-full wp-image-363\" src=\"https:\/\/www.inflow.yoga\/es\/wp-content\/uploads\/2020\/03\/vetcare-logo-color.png\" alt=\"\" width=\"26\" height=\"55\" \/>\u00a0<img loading=\"lazy\" class=\"alignnone size-full wp-image-363\" src=\"https:\/\/www.inflow.yoga\/wp-content\/uploads\/2020\/03\/vetcare-logo-color.png\" alt=\"\" width=\"26\" height=\"55\" \/><\/span><\/div>\n<div dir=\"ltr\"><img loading=\"lazy\" class=\"alignnone size-full wp-image-399\" src=\"https:\/\/www.inflow.yoga\/wp-content\/uploads\/2020\/03\/espacio.png\" alt=\"\" width=\"46\" height=\"30\" \/><\/div>\n<div dir=\"ltr\"><span style=\"font-size: medium;\"><strong>SHIVA FLOW<\/strong> es una forma contempor\u00e1nea de Yoga Vinyasa, basada en la pr\u00e1ctica de asanas unidas por un movimiento fluido e ininterrumpido.<\/span><\/div>\n<div dir=\"ltr\"><span style=\"font-size: medium;\">Cada secuencia cuenta el mito relacionado con el pico de asana, o la asana en la que culmina la secuencia. Las caracter\u00edsticas principales de la secuencia son: consistencia de la secuencia al mito contado, progresi\u00f3n de las asanas elegidas para alcanzar el pico y fluidez del movimiento.<\/span><\/div>\n<div dir=\"ltr\"><span style=\"font-size: medium;\">Las secuencias representan los mitos y leyendas de la tradici\u00f3n cultural india, los movimientos y posiciones, acompa\u00f1ados de m\u00fasica especialmente seleccionada, cuentan la historia de los personajes y permiten al practicante comprender su esencia en cuerpo y mente, proyectando el camino evolutivo. del plano f\u00edsico al cultural, psicol\u00f3gico y espiritual, tomando la forma de una meditaci\u00f3n en movimiento. Al final de la pr\u00e1ctica, se propone una profundizaci\u00f3n de la filosof\u00eda y\u00f3guica a partir de la historia misma.<\/span><\/div>\n<div dir=\"ltr\"><span style=\"font-size: medium;\">\u00a0<\/span><\/div>\n<div dir=\"ltr\"><span style=\"font-size: medium;\">AGORDO- MARTES 18.00\/19.30 Casa della Gioventud<\/span><\/div>\n<div dir=\"ltr\">\n<p><span style=\"font-size: medium;\">FELTRE- un SABADO al mes 15.00\/18.00 Shala BeOm<\/span><img loading=\"lazy\" class=\"alignnone size-full wp-image-399\" src=\"https:\/\/www.inflow.yoga\/wp-content\/uploads\/2020\/03\/espacio.png\" alt=\"\" width=\"46\" height=\"30\" \/><\/p>\n<\/div>\n<div dir=\"ltr\" style=\"text-align: center;\"><span style=\"font-size: medium;\"> <img loading=\"lazy\" class=\"alignnone size-full wp-image-363\" src=\"https:\/\/www.inflow.yoga\/es\/wp-content\/uploads\/2020\/03\/vetcare-logo-color.png\" alt=\"\" width=\"26\" height=\"55\" \/><img loading=\"lazy\" class=\"alignnone size-full wp-image-363\" src=\"https:\/\/www.inflow.yoga\/wp-content\/uploads\/2020\/03\/vetcare-logo-color.png\" alt=\"\" width=\"26\" height=\"55\" \/><\/span><\/div>\n<div dir=\"ltr\"><img loading=\"lazy\" class=\"alignnone size-full wp-image-399\" src=\"https:\/\/www.inflow.yoga\/wp-content\/uploads\/2020\/03\/espacio.png\" alt=\"\" width=\"46\" height=\"30\" \/><\/div>\n<div dir=\"ltr\" style=\"font-size: medium;\"><strong>YIN YOGA<\/strong> es una pr\u00e1ctica simple y de ritmo lento que act\u00faa sobre el tejido fascial profundo del cuerpo. Al mismo tiempo, ayuda a mejorar la capacidad de movimiento de las articulaciones, a estimular el flujo de energ\u00eda, a calmar las emociones y a preparar el cuerpo y la mente para los estados profundos de meditaci\u00f3n. Manteniendo cada asana durante unos minutos y siguiendo una respiraci\u00f3n profunda y conscientemente, los m\u00fasculos comienzan lentamente a relajarse, permitiendo que el tejido conectivo profundo (fascia, ligamentos, tendones y huesos) se alimente, fortalezca y &#8220;extienda&#8221; de manera segura y terap\u00e9utica.<\/div>\n<div dir=\"ltr\"><\/div>\n<div dir=\"ltr\"><span style=\"font-size: medium;\">\u00a0<\/span><\/div>\n<div dir=\"ltr\"><span style=\"color: #222222; font-size: medium;\">AGORDO- MARTEDI\/GIOVEDI 6.30\/7.45, Escuela Primaria<\/span><\/div>\n<div dir=\"ltr\">\n<p><span style=\"color: #222222; font-size: medium;\">PALESTRA LUXOTTICA- MERCOLEDI 6.45\/7.40<\/span><img loading=\"lazy\" class=\"alignnone size-full wp-image-399\" src=\"https:\/\/www.inflow.yoga\/wp-content\/uploads\/2020\/03\/espacio.png\" alt=\"\" width=\"46\" height=\"30\" \/><\/p>\n<\/div>\n<div dir=\"ltr\" style=\"text-align: center;\"><span style=\"font-size: medium;\"> <img loading=\"lazy\" class=\"alignnone size-full wp-image-363\" src=\"https:\/\/www.inflow.yoga\/es\/wp-content\/uploads\/2020\/03\/vetcare-logo-color.png\" alt=\"\" width=\"26\" height=\"55\" \/><img loading=\"lazy\" class=\"alignnone size-full wp-image-363\" src=\"https:\/\/www.inflow.yoga\/wp-content\/uploads\/2020\/03\/vetcare-logo-color.png\" alt=\"\" width=\"26\" height=\"55\" \/><\/span><\/div>\n<div dir=\"ltr\"><\/div>\n<div dir=\"ltr\" style=\"font-size: medium;\"><strong>MEDITACION<\/strong><br \/>\nLa meditaci\u00f3n es un m\u00e9todo poderoso de servicio a la humanidad cuando la mente se usa como un canal para recibir las energ\u00edas de luz, amor y voluntad para el bien, y para dirigirlas hacia la conciencia humana. El momento de la luna llena de cada mes ofrece la gran oportunidad de meditar, especialmente en grupo, como un medio para cooperar con el Plan o Intenci\u00f3n divina para nuestro mundo.<br \/>\nNos juntamos a meditar una vez al mes en AGORDO, ingreso gratuito.<\/div>\n<\/div><\/div><\/div><\/div><\/div><\/div><\/div><\/div><\/section><section id=\"bt_section69f607f9a8220\"  class=\"boldSection gutter\" ><div class=\"port\"><div class=\"boldCell\"><div class=\"boldCellInner\"><div class=\"boldRow  \" ><div class=\"boldRowInner\"><div class=\"rowItem col-md-4 col-ms-12 btTextLeft inherit\" style=\"padding-top:30px;\" ><div class=\"rowItemContent\" ><div class=\"bpgPhoto btTextCenter\" ><div class=\"btImage\"><img src=\"https:\/\/www.inflow.yoga\/es\/wp-content\/uploads\/2020\/03\/foto-donde-practicar9.jpg\" alt=\"\"><\/div><\/div><\/div><\/div><div class=\"rowItem col-md-4 col-ms-12 btTextLeft inherit\" style=\"padding-top:30px;\" ><div class=\"rowItemContent\" ><div class=\"bpgPhoto btTextCenter\" ><div class=\"btImage\"><img src=\"https:\/\/www.inflow.yoga\/es\/wp-content\/uploads\/2020\/03\/foto-donde-practicar2.jpg\" alt=\"\"><\/div><\/div><\/div><\/div><div class=\"rowItem col-md-4 col-ms-12 btTextLeft inherit\" style=\"padding-top:30px;\" ><div class=\"rowItemContent\" ><div class=\"bpgPhoto btTextCenter\" ><div class=\"btImage\"><img src=\"https:\/\/www.inflow.yoga\/es\/wp-content\/uploads\/2020\/03\/foto-donde-practicar1.jpg\" alt=\"\"><\/div><\/div><\/div><\/div><\/div><\/div><div class=\"boldRow  \" ><div class=\"boldRowInner\"><div class=\"rowItem col-md-4 col-ms-12 btTextLeft inherit\" style=\"padding-top:30px;\" ><div class=\"rowItemContent\" ><div class=\"bpgPhoto btTextCenter\" ><div class=\"btImage\"><img src=\"https:\/\/www.inflow.yoga\/es\/wp-content\/uploads\/2020\/03\/foto-donde-practicar3.jpg\" alt=\"\"><\/div><\/div><\/div><\/div><div class=\"rowItem col-md-4 col-ms-12 btTextLeft inherit\" style=\"padding-top:30px;\" ><div class=\"rowItemContent\" ><div class=\"bpgPhoto btTextCenter\" ><div class=\"btImage\"><img src=\"https:\/\/www.inflow.yoga\/es\/wp-content\/uploads\/2020\/03\/foto-donde-practicar4.jpg\" alt=\"\"><\/div><\/div><\/div><\/div><div class=\"rowItem col-md-4 col-ms-12 btTextLeft inherit\" style=\"padding-top:30px;\" ><div class=\"rowItemContent\" ><div class=\"bpgPhoto btTextCenter\" ><div class=\"btImage\"><img src=\"https:\/\/www.inflow.yoga\/es\/wp-content\/uploads\/2020\/03\/foto-donde-practicar5.jpg\" alt=\"\"><\/div><\/div><\/div><\/div><\/div><\/div><div class=\"boldRow  \" ><div class=\"boldRowInner\"><div class=\"rowItem col-md-4 col-ms-12 btTextLeft inherit\" style=\"padding-top:30px;\" ><div class=\"rowItemContent\" ><div class=\"bpgPhoto btTextCenter\" ><div class=\"btImage\"><img src=\"https:\/\/www.inflow.yoga\/es\/wp-content\/uploads\/2020\/03\/foto-donde-practicar6.jpg\" alt=\"\"><\/div><\/div><\/div><\/div><div class=\"rowItem col-md-4 col-ms-12 btTextLeft inherit\" style=\"padding-top:30px;\" ><div class=\"rowItemContent\" ><div class=\"bpgPhoto btTextCenter\" ><div class=\"btImage\"><img src=\"https:\/\/www.inflow.yoga\/es\/wp-content\/uploads\/2020\/03\/foto-donde-practicar8.jpg\" alt=\"\"><\/div><\/div><\/div><\/div><div class=\"rowItem col-md-4 col-ms-12 btTextLeft inherit\" style=\"padding-top:30px;\" ><div class=\"rowItemContent\" ><div class=\"bpgPhoto btTextCenter\" ><div class=\"btImage\"><img src=\"https:\/\/www.inflow.yoga\/es\/wp-content\/uploads\/2020\/03\/foto-donde-practicar7.jpg\" alt=\"\"><\/div><\/div><\/div><\/div><\/div><\/div><\/div><\/div><\/div><\/section><section id=\"bt_section69f607f9ac85d\"  class=\"boldSection gutter\" ><div class=\"port\"><div class=\"boldCell\"><div class=\"boldCellInner\"><div class=\"boldRow  \" ><div class=\"boldRowInner\"><div class=\"rowItem col-md-12 col-ms-12  btTextLeft\"  ><div class=\"rowItemContent\" ><div class=\"btClear btSeparator topSemiSpaced noBorder\" ><hr><\/div><\/div><\/div><\/div><\/div><\/div><\/div><\/div><\/section><\/div>","protected":false},"excerpt":{"rendered":"","protected":false},"author":1,"featured_media":0,"parent":0,"menu_order":0,"comment_status":"closed","ping_status":"closed","template":"","meta":[],"_links":{"self":[{"href":"https:\/\/www.inflow.yoga\/es\/wp-json\/wp\/v2\/pages\/316"}],"collection":[{"href":"https:\/\/www.inflow.yoga\/es\/wp-json\/wp\/v2\/pages"}],"about":[{"href":"https:\/\/www.inflow.yoga\/es\/wp-json\/wp\/v2\/types\/page"}],"author":[{"embeddable":true,"href":"https:\/\/www.inflow.yoga\/es\/wp-json\/wp\/v2\/users\/1"}],"replies":[{"embeddable":true,"href":"https:\/\/www.inflow.yoga\/es\/wp-json\/wp\/v2\/comments?post=316"}],"version-history":[{"count":33,"href":"https:\/\/www.inflow.yoga\/es\/wp-json\/wp\/v2\/pages\/316\/revisions"}],"predecessor-version":[{"id":450,"href":"https:\/\/www.inflow.yoga\/es\/wp-json\/wp\/v2\/pages\/316\/revisions\/450"}],"wp:attachment":[{"href":"https:\/\/www.inflow.yoga\/es\/wp-json\/wp\/v2\/media?parent=316"}],"curies":[{"name":"wp","href":"https:\/\/api.w.org\/{rel}","templated":true}]}}