{"id":3,"date":"2020-01-13T02:33:28","date_gmt":"2020-01-13T01:33:28","guid":{"rendered":"https:\/\/blackmount.com.ar\/lab\/inflow\/?page_id=3"},"modified":"2020-04-28T17:58:58","modified_gmt":"2020-04-28T15:58:58","slug":"politica-privacidad","status":"publish","type":"page","link":"https:\/\/www.inflow.yoga\/es\/politica-privacidad\/","title":{"rendered":"Privacy Policy"},"content":{"rendered":"<div class=\"bt_bb_wrapper\"><section id=\"bt_section69f1a461d2b11\"  class=\"boldSection topExtraSpaced bottomSpaced btDarkSkin gutter inherit\" style=\"background-color:#8224e3;\"><div class=\"port\"><div class=\"boldCell\"><div class=\"boldCellInner\"><div class=\"boldRow  \" ><div class=\"boldRowInner\"><div class=\"rowItem col-md-12 col-ms-12  btTextLeft\"  ><div class=\"rowItemContent\" ><div class=\"btText\" ><\/p>\n<p class=\"p1\"><span class=\"s1\"><\/p>\n<div class=\"bt_bb_wrapper\">\n<section id=\"bt_section69f1a461d3952\"  class=\"boldSection topExtraSpaced bottomSpaced btDarkSkin inherit\" style=\"background-color:#8224e3;\">\n<div class=\"port\">\n<div class=\"boldCell\">\n<div class=\"boldCellInner\">\n<div class=\"boldRow  \" >\n<div class=\"boldRowInner\">\n<div class=\"rowItem col-md-12 col-ms-12  btTextLeft\"  >\n<div class=\"rowItemContent\" >\n<div class=\"btText\" >\n<p>Bienvenido a https:\/\/www.inflow.yoga\/it\/ (el &#8220;Sitio&#8221;). Entendemos que la privacidad en l\u00ednea es importante para los usuarios de nuestro sitio, especialmente al hacer negocios. Esta declaraci\u00f3n rige nuestras pol\u00edticas de privacidad hacia aquellos usuarios del Sitio (&#8220;Visitantes&#8221;) que visitan sin transacciones comerciales y Visitantes que se registran para realizar transacciones comerciales en el Sitio y hacen uso de los diversos servicios ofrecidos por Inflow Yoga (colectivamente, &#8221; Servicios &#8220;) (&#8221; Clientes autorizados &#8220;).<\/p>\n<p><strong>&#8220;Informaci\u00f3n de identificaci\u00f3n personal&#8221;<\/strong><\/p>\n<p>se refiere a cualquier informaci\u00f3n que identifique o pueda usarse para identificar, contactar o localizar a la persona a la que pertenece esta informaci\u00f3n, incluidos, entre otros, nombre, direcci\u00f3n, n\u00famero de tel\u00e9fono, n\u00famero de fax, direcci\u00f3n de correo electr\u00f3nico, perfiles financieros , n\u00famero de seguro social e informaci\u00f3n de tarjeta de cr\u00e9dito. La informaci\u00f3n de identificaci\u00f3n personal no incluye informaci\u00f3n recopilada an\u00f3nimamente (es decir, sin identificar al usuario individual) o informaci\u00f3n demogr\u00e1fica no vinculada a un individuo identificado.<\/p>\n<p><strong>\u00bfQu\u00e9 informaci\u00f3n de identificaci\u00f3n personal se recopila?<\/strong><\/p>\n<p>Es posible que se recopile informaci\u00f3n b\u00e1sica del perfil de usuario de todos nuestros visitantes. Recopilamos la siguiente informaci\u00f3n adicional de nuestros clientes autorizados: los nombres, las direcciones, los n\u00fameros de tel\u00e9fono y las direcciones de correo electr\u00f3nico de los clientes autorizados, la naturaleza y el tama\u00f1o de la empresa y la naturaleza y el tama\u00f1o del inventario publicitario que El cliente autorizado tiene la intenci\u00f3n de comprar o vender.<\/p>\n<p><strong>\u00bfQu\u00e9 organizaciones est\u00e1n recopilando informaci\u00f3n?<\/strong><\/p>\n<p>Adem\u00e1s de nuestra recopilaci\u00f3n directa de informaci\u00f3n, nuestros proveedores de servicios externos (como compa\u00f1\u00edas de tarjetas de cr\u00e9dito, c\u00e1maras de compensaci\u00f3n y bancos) que pueden proporcionar servicios tales como servicios de cr\u00e9dito, seguro y dep\u00f3sito en garant\u00eda pueden recopilar esta informaci\u00f3n de nuestro visitantes autorizados y clientes. No controlamos c\u00f3mo estos terceros usan esta informaci\u00f3n, pero les pedimos que divulguen c\u00f3mo usan la informaci\u00f3n personal que les proporcionan los Visitantes y Clientes Autorizados. Algunos de estos terceros pueden ser intermediarios que act\u00faan exclusivamente como enlaces en la cadena de distribuci\u00f3n y no almacenan, almacenan ni utilizan la informaci\u00f3n que se les proporciona.<\/p>\n<p><strong>\u00bfC\u00f3mo utiliza el sitio la informaci\u00f3n de identificaci\u00f3n personal?<\/strong><\/p>\n<p>Utilizamos informaci\u00f3n de identificaci\u00f3n personal para personalizar el sitio, hacer ofertas de servicios apropiados y satisfacer las solicitudes de compra y venta en el sitio. Es posible enviar correos electr\u00f3nicos a visitantes y clientes autorizados con respecto a oportunidades de investigaci\u00f3n o compra y venta en el sitio o informaci\u00f3n relacionada con el tema del sitio. La informaci\u00f3n de identificaci\u00f3n personal tambi\u00e9n se puede utilizar para contactar a visitantes y clientes autorizados en respuesta a solicitudes espec\u00edficas o para proporcionar la informaci\u00f3n solicitada.<\/p>\n<p><strong>\u00bfCon qui\u00e9n se puede compartir la informaci\u00f3n?<\/strong><\/p>\n<p>La informaci\u00f3n de identificaci\u00f3n personal sobre clientes autorizados se puede compartir con otros clientes autorizados que deseen evaluar posibles transacciones con otros clientes autorizados. Podemos compartir informaci\u00f3n agregada sobre nuestros visitantes, incluidas las caracter\u00edsticas demogr\u00e1ficas de nuestros visitantes y clientes autorizados, con nuestras agencias afiliadas y proveedores externos. Tambi\u00e9n ofrecemos la posibilidad de &#8220;renunciar&#8221; para recibir informaci\u00f3n o ser contactados por nosotros o por cualquier agencia que act\u00fae en nuestro nombre.<\/p>\n<p><strong>\u00bfC\u00f3mo se almacena la informaci\u00f3n de identificaci\u00f3n personal?<\/strong><\/p>\n<p>La informaci\u00f3n de identificaci\u00f3n personal recopilada por Inflow Yoga se almacena de forma segura y no es accesible a terceros o empleados de Inflow Yoga, excepto para el uso indicado anteriormente.<\/p>\n<p><strong>\u00bfQu\u00e9 opciones est\u00e1n disponibles para los visitantes con respecto a la recopilaci\u00f3n, uso y distribuci\u00f3n de informaci\u00f3n?<\/strong><\/p>\n<p>Los visitantes y clientes autorizados pueden elegir no recibir informaci\u00f3n no solicitada o ser contactados por nosotros y \/ o por nuestros proveedores y agencias afiliadas respondiendo a los correos electr\u00f3nicos de acuerdo con las instrucciones o contact\u00e1ndonos en Via Patrioti<\/p>\n<p><strong>Cookies<\/strong><\/p>\n<p>Una cookie es una cadena de informaci\u00f3n que un sitio web almacena en la computadora de un visitante y que el navegador del visitante proporciona al sitio web cada vez que el visitante regresa.<\/p>\n<p><strong>\u00bfSe utilizan cookies en el sitio?<\/strong><\/p>\n<p>Las cookies se usan por una variedad de razones. Utilizamos cookies para obtener informaci\u00f3n sobre las preferencias de nuestros visitantes y los servicios que seleccionan. Tambi\u00e9n utilizamos cookies con fines de seguridad para proteger a nuestros clientes autorizados. Por ejemplo, si un cliente autorizado ha iniciado sesi\u00f3n y el sitio no se ha utilizado durante m\u00e1s de 10 minutos, desconectaremos autom\u00e1ticamente al cliente autorizado. Los visitantes que no desean tener cookies en sus computadoras deben configurar sus navegadores para rechazar las cookies antes de usar https:\/\/www.inflow.yoga\/it\/, con el inconveniente de que algunas caracter\u00edsticas del sitio web pueden no funcionar adecuadamente sin la ayuda de galletas.<\/p>\n<p><strong>Cookies utilizadas por nuestros proveedores de servicios.<\/strong><\/p>\n<p>Nuestros proveedores de servicios usan cookies y estas cookies se pueden almacenar en su computadora cuando visita nuestro sitio web. Puede encontrar m\u00e1s detalles sobre qu\u00e9 cookies se utilizan en nuestra p\u00e1gina de informaci\u00f3n de cookies.<\/p>\n<p><strong>\u00bfC\u00f3mo utiliza Inflow Yoga la informaci\u00f3n de inicio de sesi\u00f3n?<\/strong><\/p>\n<p>Inflow Yoga utiliza informaci\u00f3n de inicio de sesi\u00f3n, incluidas, entre otras, direcciones IP, ISP y tipos de navegador, para analizar tendencias, administrar el Sitio, rastrear los movimientos y el uso de los usuarios y recopilar informaci\u00f3n extensa. demogr\u00e1fica.<\/p>\n<p><strong>\u00bfQu\u00e9 socios o proveedores de servicios tienen acceso a informaci\u00f3n de identificaci\u00f3n personal sobre visitantes y \/ o clientes autorizados en el sitio?<\/strong><\/p>\n<p>Inflow Yoga ha entrado y seguir\u00e1 entrando en asociaciones y otras afiliaciones con varios vendedores. Estos proveedores pueden tener acceso a cierta informaci\u00f3n de identificaci\u00f3n personal sobre la necesidad de conocer las bases para la evaluaci\u00f3n de los Clientes autorizados para la idoneidad del servicio. Nuestra pol\u00edtica de privacidad no cubre su recopilaci\u00f3n o uso de esta informaci\u00f3n. Divulgaci\u00f3n de informaci\u00f3n de identificaci\u00f3n personal para cumplir con la ley. Divulgaremos informaci\u00f3n de identificaci\u00f3n personal con el fin de cumplir con una orden judicial o una citaci\u00f3n o solicitud de una autoridad de aplicaci\u00f3n de la ley para divulgar informaci\u00f3n. Tambi\u00e9n divulgaremos informaci\u00f3n de identificaci\u00f3n personal cuando sea razonablemente necesario para proteger la seguridad de nuestros visitantes y clientes autorizados.<\/p>\n<p><strong>\u00bfC\u00f3mo protege el sitio la informaci\u00f3n de identificaci\u00f3n personal?<\/strong><\/p>\n<p>Todos nuestros empleados est\u00e1n familiarizados con nuestras pol\u00edticas y pr\u00e1cticas de seguridad. La informaci\u00f3n de identificaci\u00f3n personal de nuestros visitantes y clientes autorizados es accesible solo para un n\u00famero limitado de empleados calificados que reciben una contrase\u00f1a para acceder a la informaci\u00f3n. Monitoreamos nuestros sistemas y procesos de seguridad de manera regular. La informaci\u00f3n confidencial, como los n\u00fameros de tarjeta de cr\u00e9dito o de seguridad social, est\u00e1 protegida por protocolos de encriptaci\u00f3n, para proteger la informaci\u00f3n enviada a trav\u00e9s de Internet. Aunque tomamos medidas comercialmente razonables para mantener un sitio seguro, las comunicaciones electr\u00f3nicas y las bases de datos est\u00e1n sujetas a errores, alteraciones e intrusiones, y no podemos garantizar que dichos eventos no se llevar\u00e1n a cabo y no seremos responsables ante los visitantes o clientes autorizados para tales eventos. .<\/p>\n<p><strong>\u00bfC\u00f3mo pueden los visitantes corregir cualquier inexactitud en la informaci\u00f3n de identificaci\u00f3n personal?<\/strong><\/p>\n<p>Los visitantes y clientes autorizados pueden contactarnos para actualizar la informaci\u00f3n de identificaci\u00f3n personal sobre ellos o para corregir cualquier inexactitud envi\u00e1ndonos un correo electr\u00f3nico a <a href=\"mailto:info_flowyoga@yahoo.com\">info_flowyoga@yahoo.com<\/a><\/p>\n<p><strong>\u00bfPuede un visitante eliminar o desactivar la informaci\u00f3n de identificaci\u00f3n personal recopilada del sitio?<\/strong><\/p>\n<p>Brindamos a los visitantes y clientes autorizados un mecanismo para eliminar \/ desactivar la informaci\u00f3n de identificaci\u00f3n personal de la base de datos del sitio. Sin embargo, debido a las copias de seguridad y los registros de eliminaci\u00f3n, puede ser imposible eliminar la voz de un visitante sin retener informaci\u00f3n residual. Una persona que solicite la desactivaci\u00f3n de la Informaci\u00f3n de identificaci\u00f3n personal tendr\u00e1 esta informaci\u00f3n funcionalmente eliminada, y no venderemos, transferiremos ni utilizaremos la Informaci\u00f3n de identificaci\u00f3n personal relacionada con esa persona de ninguna manera en el futuro.<\/p>\n<p><strong>Sus derechos<\/strong><\/p>\n<p>Estos son los derechos de resumen que tiene bajo la ley de protecci\u00f3n de datos<\/p>\n<p>El derecho de acceso.<br \/>\nEl derecho a la rectificaci\u00f3n.<br \/>\nEl derecho de cancelaci\u00f3n.<br \/>\nEl derecho a limitar el procesamiento<br \/>\nEl derecho a oponerse al tratamiento.<br \/>\nEl derecho a la portabilidad de datos.<br \/>\nEl derecho a presentar una queja ante una autoridad supervisora<br \/>\nEl derecho a retirar el consentimiento.<\/p>\n<p><strong>\u00bfQu\u00e9 sucede si cambia la pol\u00edtica de privacidad?<\/strong><\/p>\n<p>Informaremos a nuestros visitantes y clientes autorizados de los cambios.<\/p>\n<\/div>\n<\/div>\n<\/div>\n<\/div>\n<\/div>\n<\/div>\n<\/div>\n<\/div>\n<\/section>\n<\/div>\n<p><\/span><\/p>\n<p>\n<\/div><\/div><\/div><\/div><\/div><\/div><\/div><\/div><\/section>\n<\/div>","protected":false},"excerpt":{"rendered":"","protected":false},"author":1,"featured_media":0,"parent":0,"menu_order":0,"comment_status":"closed","ping_status":"open","template":"","meta":[],"_links":{"self":[{"href":"https:\/\/www.inflow.yoga\/es\/wp-json\/wp\/v2\/pages\/3"}],"collection":[{"href":"https:\/\/www.inflow.yoga\/es\/wp-json\/wp\/v2\/pages"}],"about":[{"href":"https:\/\/www.inflow.yoga\/es\/wp-json\/wp\/v2\/types\/page"}],"author":[{"embeddable":true,"href":"https:\/\/www.inflow.yoga\/es\/wp-json\/wp\/v2\/users\/1"}],"replies":[{"embeddable":true,"href":"https:\/\/www.inflow.yoga\/es\/wp-json\/wp\/v2\/comments?post=3"}],"version-history":[{"count":1,"href":"https:\/\/www.inflow.yoga\/es\/wp-json\/wp\/v2\/pages\/3\/revisions"}],"predecessor-version":[{"id":463,"href":"https:\/\/www.inflow.yoga\/es\/wp-json\/wp\/v2\/pages\/3\/revisions\/463"}],"wp:attachment":[{"href":"https:\/\/www.inflow.yoga\/es\/wp-json\/wp\/v2\/media?parent=3"}],"curies":[{"name":"wp","href":"https:\/\/api.w.org\/{rel}","templated":true}]}}