{"id":279,"date":"2020-03-05T03:27:30","date_gmt":"2020-03-05T02:27:30","guid":{"rendered":"https:\/\/www.inflow.yoga\/?page_id=279"},"modified":"2020-03-26T21:03:27","modified_gmt":"2020-03-26T20:03:27","slug":"maria-paula-medina","status":"publish","type":"page","link":"https:\/\/www.inflow.yoga\/es\/maria-paula-medina\/","title":{"rendered":"Mar\u00eda Paula Medina"},"content":{"rendered":"<div class=\"bt_bb_wrapper\"><section id=\"bt_section69f1a3ccc1b99\"  class=\"boldSection btDarkSkin inherit\" style=\"background: transparent;\"><div class=\"port\"><div class=\"boldCell\"><div class=\"boldCellInner\"><div class=\"boldRow  \" ><div class=\"boldRowInner\"><div class=\"rowItem col-md-12 col-ms-12  btTextLeft\"  ><div class=\"rowItemContent\" ><div class=\"bpgPhoto btTextCenter\" ><div class=\"btImage\"><img src=\"https:\/\/www.inflow.yoga\/es\/wp-content\/uploads\/2020\/03\/hero-1.jpg\" alt=\"\"><\/div><\/div><\/div><\/div><\/div><\/div><\/div><\/div><\/div><\/section><section id=\"bt_section69f1a3ccc2908\"  class=\"boldSection topSpaced bottomSpaced gutter inherit\" ><div class=\"port\"><div class=\"boldCell\"><div class=\"boldCellInner\"><div class=\"boldRow  \" ><div class=\"boldRowInner\"><div class=\"rowItem col-md-2  col-sm-4 col-ms-12 btTextLeft\"  ><div class=\"rowItemContent\" ><\/div><\/div><div class=\"rowItem col-md-8 col-ms-12 btTextCenter animate animate-fadein animate-moveleft inherit\"  ><div class=\"rowItemContent\" ><header class=\"header btClear extralarge btDash bottomDash  btAccentDash\" ><div class=\"btSuperTitle\">\u201cLo esencial es invisible a los ojos.\u201d<\/div><div class=\"dash\"><h1><span class=\"headline\"><b class=\"animate\">Mar\u00eda Paula Medina<\/b><\/span><\/h1><\/div><\/header><div class=\"btClear btSeparator bottomSemiSpaced noBorder\" ><hr><\/div><\/div><\/div><div class=\"rowItem col-md-2  col-sm-4 col-ms-12 btTextLeft\"  ><div class=\"rowItemContent\" ><\/div><\/div><\/div><\/div><div class=\"boldRow  \" ><div class=\"boldRowInner\"><div class=\"rowItem col-md-6 col-sm-12 btTextLeft\"  ><div class=\"rowItemContent\" ><div class=\"btText\" ><p style=\"font-size: 16px; text-align: justify;\"><em><strong>Maria Paula Medina<\/strong><\/em>\u00a0es la creadora de este flujo de intercambio. A trav\u00e9s de su experiencia y b\u00fasqueda personal difunde y comparte sus conocimientos.<\/p>\n<p style=\"font-size: 16px; text-align: justify;\">Hace diez a\u00f1os que vive en Italia entre las monta\u00f1as de las Dolomitas, form\u00e1ndose con los mejores profesores europeos completando su formacion en India.<\/p>\n<p style=\"font-size: 16px; text-align: justify;\">El Yoga ha formado parte de su vida desde los 19 a\u00f1os, ya que dedic\u00f3 muchas horas de estudio y pr\u00e1ctica en Argentina, Europa e India, en Hatha Yoga y Yoga Vinyasa. Viene del mundo de la danza contempor\u00e1nea, del trabajo con el espacio espiritual a trav\u00e9s de instalaciones art\u00edsticas y el trabajo del sonido .<\/p>\n<p style=\"font-size: 16px; text-align: justify;\">Hoy organiza clases de yoga para adultos, ni\u00f1os, vacaciones de yoga y retiros en Italia, Grecia, Espa\u00f1a y Croacia. Ama la pr\u00e1ctica de yoga al aire libre, en contacto con la naturaleza, el uso del sonido y actividades creativas de crecimiento colectivo.<\/p>\n<p style=\"font-size: 16px; text-align: justify;\">Tiene cursos regulares para adultos, proyectos en escuelas primarias y jard\u00ednes de infantes, tambi\u00e9n en el servicio hospitalario con personas con discapacidades varias en Italia. Sigue form\u00e1ndose en el estilo Shiva Flow (Yoga Vinayasa) con Silvia Romani, Movement Flow con Slava Gloubov, Yin Yoga con Dhugal Meachem, Filosof\u00eda Orientale con Diego Manzi, entre otros.<\/p>\n<\/div><div class=\"btClear btSeparator topSemiSpaced noBorder\" ><hr><\/div><\/div><\/div><div class=\"rowItem col-md-6 col-sm-12 btTextLeft\"  ><div class=\"rowItemContent\" ><div class=\"bpgPhoto btTextCenter\" ><div class=\"btImage\"><img src=\"https:\/\/www.inflow.yoga\/es\/wp-content\/uploads\/2020\/03\/20190909_152609-scaled.jpg\" alt=\"\"><\/div><\/div><\/div><\/div><\/div><\/div><\/div><\/div><\/div><\/section><section id=\"bt_section69f1a3ccc3b0a\"  class=\"boldSection gutter\" ><div class=\"port\"><div class=\"boldCell\"><div class=\"boldCellInner\"><div class=\"boldRow  \" ><div class=\"boldRowInner\"><div class=\"rowItem col-md-4 col-ms-12 btTextLeft inherit btDoublePadding\"  ><div class=\"rowItemContent\" ><\/div><\/div><div class=\"rowItem col-md-4 col-ms-12 btTextLeft\"  ><div class=\"rowItemContent\" ><div class=\"bpgPhoto btTextCenter\" ><div class=\"btImage\"><img src=\"https:\/\/www.inflow.yoga\/es\/wp-content\/uploads\/2020\/03\/circulos.png\" alt=\"\"><\/div><\/div><\/div><\/div><div class=\"rowItem col-md-4 col-ms-12 btTextLeft\"  ><div class=\"rowItemContent\" ><div class=\"btClear btSeparator topSmallSpaced noBorder\" ><hr><\/div><\/div><\/div><\/div><\/div><\/div><\/div><\/div><\/section><section id=\"testimonials\"  class=\"boldSection topSpaced bottomSpaced btLightSkin gutter inherit\" style=\"background-color:#f9f9f9;\"><div class=\"port\"><div class=\"boldCell\"><div class=\"boldCellInner\"><div class=\"boldRow  \" ><div class=\"boldRowInner\"><div class=\"rowItem col-md-2  col-sm-4 col-ms-12 btTextLeft\"  ><div class=\"rowItemContent\" ><\/div><\/div><div class=\"rowItem col-md-8 col-ms-12 btTextCenter animate animate-fadein animate-moveleft inherit\"  ><div class=\"rowItemContent\" ><header class=\"header btClear extralarge btDash topDash  btAlternateDash\" ><div class=\"dash\"><h1><span class=\"headline\">TESTIMONIOS<\/span><\/h1><\/div><\/header><div class=\"btClear btSeparator bottomSemiSpaced noBorder\" ><hr><\/div><\/div><\/div><div class=\"rowItem col-md-2  col-sm-4 col-ms-12 btTextLeft\"  ><div class=\"rowItemContent\" ><\/div><\/div><\/div><\/div><div class=\"boldRow  \" ><div class=\"boldRowInner\"><div class=\"rowItem col-md-4 col-ms-12 btTextLeft animate animate-fadein inherit btDoublePadding\"  ><div class=\"rowItemContent\" ><div class=\"boldRow boldInnerRow  \" ><div class=\"rowItem rowInnerItem col-md-12  btTextLeft\"  ><div class=\"rowItemContent\"><div class=\"btClear btSeparator bottomSmallSpaced noBorder\" ><hr><\/div><div class=\"btText\" ><p>I had the pleasure to have Maria Paula Medina as my yoga teacher through out a yoga and Sound retreat<br \/>\nin Spain. Paula has the ability to get every one to fit into the class. So I as a new beginner could also fit into<br \/>\nthe yoga class. She is a very passionated teacher and with her pleasant personality she inspires everybody<br \/>\nto perform their Best. On top of This she has a great knowledge of teori and chakra system.<br \/>\nI must say, that a retreat with yoga and Sound was a wonderful experience.<\/p>\n<p>-Anne Ryom (Czech Republic)<\/p>\n<\/div><div class=\"btClear btSeparator bottomSmallSpaced noBorder\" ><hr><\/div><\/div><\/div><\/div><\/div><\/div><div class=\"rowItem col-md-4 col-ms-12 btTextLeft animate animate-fadein inherit btDoublePadding\"  ><div class=\"rowItemContent\" ><div class=\"boldRow boldInnerRow  \" ><div class=\"rowItem rowInnerItem col-md-12  btTextLeft\"  ><div class=\"rowItemContent\"><div class=\"btClear btSeparator bottomSmallSpaced noBorder\" ><hr><\/div><div class=\"btText\" ><p>Experimentar Shiva Flow, fue algo incre\u00edble; poder sumergirse en una practica tan integral en donde el<br \/>\ncuerpo, la mente y las emociones, se conectan entre si para dar como resultado un flow en donde uno esta<br \/>\nen si mismo.<br \/>\nNunca hab\u00eda podido sentir la sensaci\u00f3n tan gratificante de poder pasar por diferentes asanas concatenadas<br \/>\nentre si para lograr algo fluido, libre, arm\u00f3nico y con una ense\u00f1anza ligada a una historia que nos hace reflexionar.<\/p>\n<p>-Analia Delfino (Argentina)<\/p>\n<\/div><div class=\"btClear btSeparator bottomSmallSpaced noBorder\" ><hr><\/div><\/div><\/div><\/div><\/div><\/div><div class=\"rowItem col-md-4 col-ms-12 btTextLeft animate animate-fadein inherit btDoublePadding\"  ><div class=\"rowItemContent\" ><div class=\"boldRow boldInnerRow  \" ><div class=\"rowItem rowInnerItem col-md-12  btTextLeft\"  ><div class=\"rowItemContent\"><div class=\"btClear btSeparator bottomSmallSpaced noBorder\" ><hr><\/div><div class=\"btText\" ><p>Ho avuto la fortuna di incontrare Maria Paula e di partecipare a diverse attivit\u00e0 con lei&#8230; corsi di formazione, giornate all\u2019aria aperta o serate di raccoglimento&#8230;<br \/>\nOgni appuntamento \u00e8 un\u2019esperienza unica e illuminante, Paula \u00e8 una persona speciale che sa proporre sempre qualcosa di nuovo e particolare e sa trasmettere in modo speciale la sua passione per lo yoga, per la musica, per l\u2019arte, per la natura e per la vita&#8230;<br \/>\nalla fine di ogni incontro non vedi l\u2019ora che si ripresenti una nuova occasione per praticare con lei!.<\/p>\n<p>-Raffaella (Italy)<\/p>\n<\/div><div class=\"btClear btSeparator bottomSmallSpaced noBorder\" ><hr><\/div><\/div><\/div><\/div><\/div><\/div><\/div><\/div><div class=\"boldRow  \" ><div class=\"boldRowInner\"><div class=\"rowItem col-md-4 col-ms-12 btTextLeft animate animate-fadein inherit btDoublePadding\"  ><div class=\"rowItemContent\" ><div class=\"boldRow boldInnerRow  \" ><div class=\"rowItem rowInnerItem col-md-12  btTextLeft\"  ><div class=\"rowItemContent\"><div class=\"btClear btSeparator bottomSmallSpaced noBorder\" ><hr><\/div><div class=\"btText\" ><p>I highly recommend to practice Yoga with Maria Paula. Learning to practice with her has been an amazing beginning of a different life. The way she is guiding and helping you during the process of internal change is indescribable. Paula is a really peaceful person and you can feel her beautiful energy while doing the practice. I challenge everybody to try. Thanks Paula!!<\/p>\n<div id=\"m_-2789458726350388379yMail_cursorElementTracker_1584008377965\">Cecilia Pomilio, Irlanda<\/div>\n<\/div><div class=\"btClear btSeparator bottomSmallSpaced noBorder\" ><hr><\/div><\/div><\/div><\/div><\/div><\/div><div class=\"rowItem col-md-4 col-ms-12 btTextLeft animate animate-fadein inherit btDoublePadding\"  ><div class=\"rowItemContent\" ><div class=\"boldRow boldInnerRow  \" ><div class=\"rowItem rowInnerItem col-md-12  btTextLeft\"  ><div class=\"rowItemContent\"><div class=\"btClear btSeparator bottomSmallSpaced noBorder\" ><hr><\/div><div class=\"btText\" ><div dir=\"ltr\">Lo spazio\/tempo di pratica yoga condotta da Maria Paula \u00e8 sempre prezioso e profondamente dedicato a me stessa; una garanzia di un modo curato di aiutare a stabilizzare e ritrovare la propria armonia, centratura e unit\u00e0 di corpo mente e spirito!<\/div>\n<div dir=\"ltr\">Namaste<\/div>\n<div dir=\"ltr\">-Germana, italy<\/div>\n<\/div><div class=\"btClear btSeparator bottomSmallSpaced noBorder\" ><hr><\/div><\/div><\/div><\/div><\/div><\/div><div class=\"rowItem col-md-4 col-ms-12 btTextLeft animate animate-fadein inherit btDoublePadding\"  ><div class=\"rowItemContent\" ><div class=\"boldRow boldInnerRow  \" ><div class=\"rowItem rowInnerItem col-md-12  btTextLeft\"  ><div class=\"rowItemContent\"><div class=\"btClear btSeparator bottomSmallSpaced noBorder\" ><hr><\/div><div class=\"btText\" ><div dir=\"ltr\">Conoc\u00ed el m\u00e9todo Shiva Flow junto a M. Paula Medina, fue una experiencia nueva con un enfoque distinto,\u00a0 integral y profundo. Destaco la humildad con la que Paula\u00a0 introduce sus conocimientos,\u00a0 \u00a0guiando con generosidad,\u00a0 paciencia y atenci\u00f3n.<\/div>\n<div dir=\"ltr\"><\/div>\n<div dir=\"ltr\">-Natalia, Argentina<span style=\"color: #888888;\"><br \/>\n<\/span><\/div>\n<\/div><div class=\"btClear btSeparator bottomSmallSpaced noBorder\" ><hr><\/div><\/div><\/div><\/div><\/div><\/div><\/div><\/div><div class=\"boldRow  \" ><div class=\"boldRowInner\"><div class=\"rowItem col-md-12 col-ms-12  btTextLeft animate animate-fadein inherit btDoublePadding\"  ><div class=\"rowItemContent\" ><div class=\"boldRow boldInnerRow  \" ><div class=\"rowItem rowInnerItem col-md-12  btTextLeft\"  ><div class=\"rowItemContent\"><div class=\"btClear btSeparator bottomSmallSpaced noBorder\" ><hr><\/div><div class=\"btText\" ><p>Ciao sono Lucia<\/p>\n<p>e vorrei condividere la mia esperienza di pratica yoga con Paula.<\/p>\n<p>Paula come maestro, si pu\u00f2 dire cos\u00ec, di Yoga \u00e8 veramente a tutto tondo, \u00e8 la professionista. &#8230;quando pratico con lei, non \u00e8 solo il corpo, il respiro che la segue, ma qualcosa di pi\u00f9 profondo e intimo. Riesce aprire quella parte di anima, decisamente profonda. Ti sa accompagnare con rigore, ma con delicatezza, non \u00e8 mai invasiva, ma assolutamente rispettosa.<\/p>\n<p>&#8230;.se dovessi pensare a una metafora per Paula , mi arriva la figura del cerchio:<\/p>\n<p>non ha un inzio, non ha una fine, ma ha sia l&#8217;uno che l&#8217;laltro<\/p>\n<p>pu\u00f2 ricevere, accogliere perch\u00e8 pu\u00f2 essere vuoto, ma anche pieno e donare quello che contiene<\/p>\n<p>\u00e8 una forma apparentemete morbida, ma pu\u00f2 essere decisamente duro<\/p>\n<p>Chi lavora con i gruppi, sa che disporsi in cerchio significa mettersi tutti allo stesso livello, e sosprattutto essere tutti indifesi allo stesso modo, perch\u00e8 la parte cieca, quella posteriore \u00e8 scoperta per tutti.<\/p>\n<p>namaste<\/p>\n<p>Lucia, Italy<\/p>\n<\/div><div class=\"btClear btSeparator bottomSmallSpaced noBorder\" ><hr><\/div><\/div><\/div><\/div><\/div><\/div><\/div><\/div><\/div><\/div><\/div><\/section><\/div>","protected":false},"excerpt":{"rendered":"","protected":false},"author":1,"featured_media":0,"parent":0,"menu_order":0,"comment_status":"closed","ping_status":"closed","template":"","meta":[],"_links":{"self":[{"href":"https:\/\/www.inflow.yoga\/es\/wp-json\/wp\/v2\/pages\/279"}],"collection":[{"href":"https:\/\/www.inflow.yoga\/es\/wp-json\/wp\/v2\/pages"}],"about":[{"href":"https:\/\/www.inflow.yoga\/es\/wp-json\/wp\/v2\/types\/page"}],"author":[{"embeddable":true,"href":"https:\/\/www.inflow.yoga\/es\/wp-json\/wp\/v2\/users\/1"}],"replies":[{"embeddable":true,"href":"https:\/\/www.inflow.yoga\/es\/wp-json\/wp\/v2\/comments?post=279"}],"version-history":[{"count":24,"href":"https:\/\/www.inflow.yoga\/es\/wp-json\/wp\/v2\/pages\/279\/revisions"}],"predecessor-version":[{"id":433,"href":"https:\/\/www.inflow.yoga\/es\/wp-json\/wp\/v2\/pages\/279\/revisions\/433"}],"wp:attachment":[{"href":"https:\/\/www.inflow.yoga\/es\/wp-json\/wp\/v2\/media?parent=279"}],"curies":[{"name":"wp","href":"https:\/\/api.w.org\/{rel}","templated":true}]}}