{"id":258,"date":"2020-03-03T19:59:01","date_gmt":"2020-03-03T18:59:01","guid":{"rendered":"https:\/\/www.inflow.yoga\/?page_id=258"},"modified":"2020-04-15T09:11:54","modified_gmt":"2020-04-15T07:11:54","slug":"formacion-hanuman-flow","status":"publish","type":"page","link":"https:\/\/www.inflow.yoga\/es\/formacion-hanuman-flow\/","title":{"rendered":"FORMACION"},"content":{"rendered":"<div class=\"bt_bb_wrapper\"><section id=\"bt_section69f27fc0cbaaa\"  class=\"boldSection btDarkSkin inherit\" style=\"background: transparent;\"><div class=\"port\"><div class=\"boldCell\"><div class=\"boldCellInner\"><div class=\"boldRow  \" ><div class=\"boldRowInner\"><div class=\"rowItem col-md-12 col-ms-12  btTextLeft\"  ><div class=\"rowItemContent\" ><div class=\"bpgPhoto btTextCenter\" ><div class=\"btImage\"><img src=\"https:\/\/www.inflow.yoga\/es\/wp-content\/uploads\/2020\/03\/hero-1.jpg\" alt=\"\"><\/div><\/div><\/div><\/div><\/div><\/div><\/div><\/div><\/div><\/section><section id=\"bt_section69f27fc0cbe20\"  class=\"boldSection topSpaced bottomSpaced gutter inherit\" ><div class=\"port\"><div class=\"boldCell\"><div class=\"boldCellInner\"><div class=\"boldRow  \" ><div class=\"boldRowInner\"><div class=\"rowItem col-md-2  col-sm-4 col-ms-12 btTextLeft\"  ><div class=\"rowItemContent\" ><\/div><\/div><div class=\"rowItem col-md-8 col-ms-12 btTextCenter animate animate-fadein animate-moveleft inherit\"  ><div class=\"rowItemContent\" ><header class=\"header btClear extralarge btDash bottomDash  btAccentDash\" ><div class=\"dash\"><h1><span class=\"headline\">FORMACION INTENSIVA ESPECIALIZACION EN <b class=\"animate\">SHIVA FLOW<\/b><\/span><\/h1><\/div><div class=\"btSubTitle\">\u201c\u2026una pr\u00e1ctica que celebra la alegr\u00eda y la ligereza de y en la pr\u00e1ctica\u201d Silvia Romani<\/div><\/header><div class=\"btClear btSeparator bottomSemiSpaced noBorder\" ><hr><\/div><\/div><\/div><div class=\"rowItem col-md-2  col-sm-4 col-ms-12 btTextLeft\"  ><div class=\"rowItemContent\" ><\/div><\/div><\/div><\/div><div class=\"boldRow  \" ><div class=\"boldRowInner\"><div class=\"rowItem col-md-12 col-ms-12  btTextLeft\"  ><div class=\"rowItemContent\" ><div class=\"btText\" ><p style=\"font-size: 16px; text-align: justify;\"><i>Shiva Flow es una forma contempor\u00e1nea de yoga fundada por Silvia Romani, basada en la pr\u00e1ctica de asanas concatenadas por un movimiento fluido e ininterrumpido.<\/i><\/p>\n<p style=\"font-size: 16px; text-align: justify;\"><i>Cada secuencia cuenta el mito ligado a la cumbre de una asana, es decir, el asana en el que culmina la secuencia.<\/i><\/p>\n<p style=\"font-size: 16px; text-align: justify;\"><i>Las principales caracter\u00edsticas de la secuencia son:<br \/>\n-Coherencia entre la secuencia y el mito narrado.<br \/>\n-Progresi\u00f3n de la asana escogida para alcanzar el pico.<br \/>\n-Fluidez del movimiento.<\/i><\/p>\n<p style=\"font-size: 16px; text-align: justify;\"><i>Las secuencias representan mitos y leyendas de la tradici\u00f3n de la cultura india. Los movimientos y las posiciones son acompa\u00f1ados de m\u00fasica seleccionada ad hoc, cuentan la historia de los personajes y permiten al practicante apoderarse de la esencia a nivel corporal y mental. Proyect\u00e1ndonos hacia el camino evolutivo del plano f\u00edsico, cultural, psicol\u00f3gico y espiritual, configur\u00e1ndose como una meditaci\u00f3n en movimiento. Al final de la pr\u00e1ctica se propone una profundizaci\u00f3n de la filosof\u00eda yoguica a partir de la historia que se est\u00e1 trabajando.<\/i><\/p>\n<p style=\"font-size: 16px; text-align: justify;\"><i>En este tipo de pr\u00e1ctica, los propios l\u00edmites se tratan de una manera suave y amorosa. Son percibidos, vistos y escuchados, pero, una vez que los tenemos de frente a nosotros, el foco no est\u00e1 en superarlos sino en aceptarlos y sobre todo en darles la bienvenida. Con la seguridad que respet\u00e1ndolos y recibi\u00e9ndolos, tarde o temprano, probablemente, seremos capaces de superarlos. Y si no sucede &#8230; bueno, no te has perdido nada &#8230; porque te has dado cuenta y has vivido la magia de tu cuerpo.<\/i><\/p>\n<p style=\"font-size: 16px; text-align: justify;\"><i>La pr\u00e1ctica de Shiva Flow quiere ser una pr\u00e1ctica que celebre la alegr\u00eda y la ligereza de y en la pr\u00e1ctica, donde el movimiento del cuerpo y el flujo energ\u00e9tico son el signo de la apertura y el placer de practicar. La direcci\u00f3n de la comunicaci\u00f3n es de adentro hacia afuera. De las emociones al cuerpo. Es el cuerpo el que expresa las emociones que ya viven o que la pr\u00e1ctica misma puede despertar.<\/i><\/p>\n<p><strong style=\"font-size: 16px;\">A quien va dirigido:<\/strong><\/p>\n<p><i style=\"font-size: 16px;\">El curso de especializaci\u00f3n para ser profesor de Shiva Flow va dirigido a practicantes de nivel medio o avanzado, Instructores o Profesores de Yoga, siendo necesario contar con conocimientos previos sobre la disciplina.<\/i><\/p>\n<p><strong style=\"font-size: 16px;\">\u00bfComo se organiza la formaci\u00f3n?<\/strong><\/p>\n<p><i style=\"font-size: 16px;\">-El curso se articula en m\u00f3dulos independientes:<br \/>\n-M\u00f3dulo introductorio, donde nos focalizamos en los principios y caracter\u00edsticas para la pr\u00e1ctica del Shiva flow. (modulo obligatorio)<br \/>\n-Introducci\u00f3n al Shiva Flow: caracter\u00edsticas y fundamentos: el movimiento fluido y la respiraci\u00f3n.<br \/>\n-Elementos importantes para ense\u00f1ar Shiva Flow: transiciones, pasajes entre un asana y la otra, unir la respiraci\u00f3n a los movimientos, ritmo de acuerdo con los niveles de necesidad.<br \/>\n\u2013Introducci\u00f3n a la Filosof\u00eda Oriental y el hinduismo.<br \/>\n-Ense\u00f1ar Shiva Flow.<br \/>\n&#8211; M\u00f3dulo individual, la participaci\u00f3n en un m\u00f3dulo (un Flow a elecci\u00f3n) es suficiente para empezar a ense\u00f1ar ese Flow elegido. Cada m\u00f3dulo est\u00e1 dedicado a un flow y un mito de un asana.<\/i><\/p>\n<p><strong style=\"font-size: 16px;\">Programa:<\/strong><\/p>\n<p><i style=\"font-size: 16px;\">\u2013 El mito ligado al pico de la secuencia.<br \/>\n\u2013 La filosof\u00eda detr\u00e1s del mito y la secuencia.<br \/>\n\u2013 La secuencia. Estudio detallado de cada parte de ella.<br \/>\n\u2013 Como ense\u00f1ar la secuencia.<\/i><\/p>\n<p><strong style=\"font-size: 16px;\">\u00bfQu\u00e9 incluye el curso?<\/strong><\/p>\n<p><i style=\"font-size: 16px;\">-El material did\u00e1ctico de cada flow , con m\u00fasica ad hoc para cada Flow.<br \/>\n-Un video con la secuencia para poder practicar en casa.<br \/>\n-1 Conferencia Forum v\u00eda internet con consejos para ense\u00f1ar el Flow que se est\u00e1 trabajando.<br \/>\n-T\u00edtulo certificado por YOGA ALLIANCE y Silvia Romani. Usted recibe el Diploma del Asc-Sis y el Certificado y registro mundial de la Yoga Alliance Internacional apareciendo como curso de formaci\u00f3n continua.<\/i><\/p>\n<p><strong style=\"font-size: 16px;\">PRECIOS<\/strong><\/p>\n<p><i style=\"font-size: 16px;\">M\u00f3dulo introductorio + 2 modulo + clase abierta 450 d\u00f3lares<br \/>\nM\u00f3dulo introductorio + 1 modulo + clases abiertas 280 d\u00f3lares<br \/>\nM\u00f3dulo individual 200 d\u00f3lares<\/i><\/p>\n<p><strong style=\"font-size: 16px;\">Forma de pago:<\/strong><\/p>\n<p><i style=\"font-size: 16px;\">Se\u00f1a de 150 d\u00f3lares, el resto se puede financiar en 2\/3 pagos sin inter\u00e9s, que tiene que ser saldada antes de<br \/>\ncomenzar el curso.<\/i><\/p>\n<p><strong style=\"font-size: 16px;\">COMO REGISTRARTE:<\/strong><\/p>\n<p><i style=\"font-size: 16px;\">Ingresando una se\u00f1a de 150 d\u00f3lares.<br \/>\nconcepto de paga: nombre y apellido, Flow.<br \/>\nA LA CUENTA MERCADO PAGO: Maria Paula Medina \/ info_flowyoga@yahoo.com<br \/>\nCONTADO a Anal\u00eda en Rio Cuarto o Conciencia Plena en C\u00f3rdoba. +54 9 358 601-7045<br \/>\nanamilanesio@hotmail.com<\/i><\/p>\n<p style=\"font-size: 16px; text-align: justify;\"><i>*Pol\u00edtica de cancelaci\u00f3n. Si un estudiante que ha pagado todo el curso decide cancelar su asistencia al mismo, la pol\u00edtica de cancelaci\u00f3n ser\u00e1: se le devuelve el 30%, si cancela dos semanas antes del comienzo del curso.<\/i><\/p>\n<p style=\"font-size: 16px; text-align: justify;\"><i>*Si se cancela en la \u00faltima semana o una vez iniciado el curso no se har\u00e1n devoluciones.<br \/>\ndonde: Conciencia Plena, Montevideo 360, C\u00f3rdoba<br \/>\npara m\u00e1s informaci\u00f3n:<br \/>\norganizativa: Anal\u00eda +54 9 358 601-7045 anamilanesio@hotmail.com<br \/>\ndel estilo de yoga: Paula +39 3337214132 info_flowyoga@yahoo.com<br \/>\nDonde: <\/i><i>CORDOBA CAPITAL, ARGENTINA<\/i><\/p>\n<\/div><\/div><\/div><\/div><\/div><div class=\"boldRow  \" ><div class=\"boldRowInner\"><\/div><\/div><\/div><\/div><\/div><\/section><section id=\"bt_section69f27fc0cc439\"  class=\"boldSection gutter\" ><div class=\"port\"><div class=\"boldCell\"><div class=\"boldCellInner\"><div class=\"boldRow  \" ><div class=\"boldRowInner\"><div class=\"rowItem col-md-6 col-sm-12 btTextLeft\"  ><div class=\"rowItemContent\" ><div class=\"bpgPhoto btTextCenter\" ><div class=\"btImage\"><img src=\"https:\/\/www.inflow.yoga\/es\/wp-content\/uploads\/2020\/03\/3eventos-3.jpg\" alt=\"\"><\/div><\/div><div class=\"btClear btSeparator bottomSmallSpaced noBorder\" ><hr><\/div><div class=\"btText\" ><p dir=\"ltr\" style=\"text-align: justify;\"><i><span style=\"font-size: medium; text-align: justify;\">Flow dedicado al mito de Ashtavakra, narrado en el Ashtavakra Gita, es nuestra capacidad de ver m\u00e1s all\u00e1 del velo de las apariencias. Una secuencia t\u00e9cnica que, a trav\u00e9s del trabajo sobre los brazos, los abdominales y la torsi\u00f3n del torso conduce a la ejecuci\u00f3n de esta hermosa posici\u00f3n sobre los brazos (arms balance) siguiendo la historia del mito en una serie de movimientos fluidos e ininterrumpidos.<\/span><\/i><\/p>\n<\/div><\/div><\/div><div class=\"rowItem col-md-6 col-sm-12 btTextLeft\"  ><div class=\"rowItemContent\" ><div class=\"bpgPhoto btTextCenter\" ><div class=\"btImage\"><img src=\"https:\/\/www.inflow.yoga\/es\/wp-content\/uploads\/2020\/03\/4eventos-2.jpg\" alt=\"\"><\/div><\/div><div class=\"btClear btSeparator bottomSmallSpaced noBorder\" ><hr><\/div><div class=\"btText\" ><p dir=\"ltr\" style=\"text-align: justify;\"><i><span style=\"font-size: medium;\">Flow dedicado a las tres asanas ligados al mito de Hanuman y rama: Virasana, Anjaneyasana y Hanumanasana y a la figura del yogui y su potencial. Una secuencia t\u00e9cnica que, trabajando con el alargamiento de las cadenas traseras y el potenciamiento de los cu\u00e1driceps conduce gradualmente a la ejecuci\u00f3n de los splits siguiendo la historia del mito en una serie de movimientos fluidos e ininterrumpidos.<\/span><\/i><\/p>\n<\/div><\/div><\/div><\/div><\/div><\/div><\/div><\/div><\/section><section id=\"bt_section69f27fc0ccb35\"  class=\"boldSection gutter\" ><div class=\"port\"><div class=\"boldCell\"><div class=\"boldCellInner\"><div class=\"boldRow  \" ><div class=\"boldRowInner\"><div class=\"rowItem col-md-12 col-ms-12  btTextLeft\"  ><div class=\"rowItemContent\" ><div class=\"btClear btSeparator bottomSemiSpaced noBorder\" ><hr><\/div><\/div><\/div><\/div><\/div><div class=\"boldRow  \" ><div class=\"boldRowInner\"><div class=\"rowItem col-md-12 col-ms-12  btTextLeft\"  ><div class=\"rowItemContent\" ><header class=\"header btClear extralarge btDash bottomDash  btAccentDash\" ><div class=\"dash\"><h1><span class=\"headline\">Solicitar informaci\u00f3n para inscripci\u00f3n<\/span><\/h1><\/div><\/header><\/div><\/div><\/div><\/div><div class=\"boldRow  \" ><div class=\"boldRowInner\"><div class=\"rowItem col-md-6 col-sm-12 btTextLeft\"  ><div class=\"rowItemContent\" ><div class=\"btText\" ><div role=\"form\" class=\"wpcf7\" id=\"wpcf7-f162-o1\" lang=\"es-ES\" dir=\"ltr\">\n<div class=\"screen-reader-response\"><p role=\"status\" aria-live=\"polite\" aria-atomic=\"true\"><\/p> <ul><\/ul><\/div>\n<form action=\"\/es\/wp-json\/wp\/v2\/pages\/258#wpcf7-f162-o1\" method=\"post\" class=\"wpcf7-form init\" novalidate=\"novalidate\" data-status=\"init\">\n<div style=\"display: none;\">\n<input type=\"hidden\" name=\"_wpcf7\" value=\"162\" \/>\n<input type=\"hidden\" name=\"_wpcf7_version\" value=\"5.4.1\" \/>\n<input type=\"hidden\" name=\"_wpcf7_locale\" value=\"es_ES\" \/>\n<input type=\"hidden\" name=\"_wpcf7_unit_tag\" value=\"wpcf7-f162-o1\" \/>\n<input type=\"hidden\" name=\"_wpcf7_container_post\" value=\"0\" \/>\n<input type=\"hidden\" name=\"_wpcf7_posted_data_hash\" value=\"\" \/>\n<\/div>\n<p><label> Tu nombre (obligatorio)<br \/>\n    <span class=\"wpcf7-form-control-wrap your-name\"><input type=\"text\" name=\"your-name\" value=\"\" size=\"40\" class=\"wpcf7-form-control wpcf7-text wpcf7-validates-as-required\" aria-required=\"true\" aria-invalid=\"false\" \/><\/span> <\/label><\/p>\n<p><label> Tu correo electr\u00f3nico (obligatorio)<br \/>\n    <span class=\"wpcf7-form-control-wrap your-email\"><input type=\"email\" name=\"your-email\" value=\"\" size=\"40\" class=\"wpcf7-form-control wpcf7-text wpcf7-email wpcf7-validates-as-required wpcf7-validates-as-email\" aria-required=\"true\" aria-invalid=\"false\" \/><\/span> <\/label><\/p>\n<p><label> Asunto<br \/>\n    <span class=\"wpcf7-form-control-wrap your-subject\"><input type=\"text\" name=\"your-subject\" value=\"\" size=\"40\" class=\"wpcf7-form-control wpcf7-text\" aria-invalid=\"false\" \/><\/span> <\/label><\/p>\n<p><label> Tu mensaje<br \/>\n    <span class=\"wpcf7-form-control-wrap your-message\"><textarea name=\"your-message\" cols=\"40\" rows=\"10\" class=\"wpcf7-form-control wpcf7-textarea\" aria-invalid=\"false\"><\/textarea><\/span> <\/label><\/p>\n<p><span class=\"wpcf7-form-control-wrap accettazione\"><span class=\"wpcf7-form-control wpcf7-acceptance\"><span class=\"wpcf7-list-item\"><label><input type=\"checkbox\" name=\"accettazione\" value=\"1\" aria-invalid=\"false\" \/><span class=\"wpcf7-list-item-label\">Al enviar el formulario, acepta la pol\u00edtica de privacidad que puede leer <a href=\"https:\/\/www.inflow.yoga\/es\/wpautoterms\/privacy-policy\/\">HACIENDO CLIC AQU\u00cd<\/a><\/span><\/label><\/span><\/span><\/span><\/p>\n<p><input type=\"submit\" value=\"Enviar\" class=\"wpcf7-form-control wpcf7-submit\" \/><\/p>\n<div class=\"wpcf7-response-output\" aria-hidden=\"true\"><\/div><\/form><\/div><\/div><\/div><\/div><div class=\"rowItem col-md-6 col-sm-12 btTextLeft\"  ><div class=\"rowItemContent\" ><div class=\"bpgPhoto btTextCenter\" ><div class=\"btImage\"><img src=\"https:\/\/www.inflow.yoga\/es\/wp-content\/uploads\/2020\/03\/hanumana-flow-teacher-training2-scaled.jpg\" alt=\"\"><\/div><\/div><\/div><\/div><\/div><\/div><div class=\"boldRow  \" ><div class=\"boldRowInner\"><div class=\"rowItem col-md-12 col-ms-12  btTextLeft\"  ><div class=\"rowItemContent\" ><div class=\"btClear btSeparator bottomSmallSpaced noBorder\" ><hr><\/div><\/div><\/div><\/div><\/div><\/div><\/div><\/div><\/section><\/div>","protected":false},"excerpt":{"rendered":"","protected":false},"author":1,"featured_media":0,"parent":0,"menu_order":0,"comment_status":"closed","ping_status":"closed","template":"","meta":[],"_links":{"self":[{"href":"https:\/\/www.inflow.yoga\/es\/wp-json\/wp\/v2\/pages\/258"}],"collection":[{"href":"https:\/\/www.inflow.yoga\/es\/wp-json\/wp\/v2\/pages"}],"about":[{"href":"https:\/\/www.inflow.yoga\/es\/wp-json\/wp\/v2\/types\/page"}],"author":[{"embeddable":true,"href":"https:\/\/www.inflow.yoga\/es\/wp-json\/wp\/v2\/users\/1"}],"replies":[{"embeddable":true,"href":"https:\/\/www.inflow.yoga\/es\/wp-json\/wp\/v2\/comments?post=258"}],"version-history":[{"count":28,"href":"https:\/\/www.inflow.yoga\/es\/wp-json\/wp\/v2\/pages\/258\/revisions"}],"predecessor-version":[{"id":448,"href":"https:\/\/www.inflow.yoga\/es\/wp-json\/wp\/v2\/pages\/258\/revisions\/448"}],"wp:attachment":[{"href":"https:\/\/www.inflow.yoga\/es\/wp-json\/wp\/v2\/media?parent=258"}],"curies":[{"name":"wp","href":"https:\/\/api.w.org\/{rel}","templated":true}]}}